{"id":1091,"date":"2025-11-19T19:46:59","date_gmt":"2025-11-19T18:46:59","guid":{"rendered":"https:\/\/sharp-fermi.193-70-41-213.plesk.page\/?page_id=1091"},"modified":"2025-11-20T23:48:40","modified_gmt":"2025-11-20T22:48:40","slug":"serveis","status":"publish","type":"page","link":"https:\/\/sharp-fermi.193-70-41-213.plesk.page\/ca\/serveis\/","title":{"rendered":"Serveis"},"content":{"rendered":"<div data-elementor-type=\"wp-page\" data-elementor-id=\"1091\" class=\"elementor elementor-1091\" data-elementor-post-type=\"page\">\n\t\t\t\t<div class=\"elementor-element elementor-element-d2e2741 e-flex e-con-boxed e-con e-parent\" data-id=\"d2e2741\" data-element_type=\"container\" data-e-type=\"container\" data-settings=\"{&quot;background_background&quot;:&quot;classic&quot;}\">\n\t\t\t\t\t<div class=\"e-con-inner\">\n\t\t\t\t<div class=\"elementor-element elementor-element-01b49b8 elementor-widget elementor-widget-heading\" data-id=\"01b49b8\" data-element_type=\"widget\" data-e-type=\"widget\" data-widget_type=\"heading.default\">\n\t\t\t\t\t<h1 class=\"elementor-heading-title elementor-size-default\">Serveis<\/h1>\t\t\t\t<\/div>\n\t\t\t\t\t<\/div>\n\t\t\t\t<\/div>\n\t\t<div class=\"elementor-element elementor-element-13f4746 e-flex e-con-boxed e-con e-parent\" data-id=\"13f4746\" data-element_type=\"container\" data-e-type=\"container\">\n\t\t\t\t\t<div class=\"e-con-inner\">\n\t\t<div class=\"elementor-element elementor-element-87f17b9 e-con-full e-flex e-con e-child\" data-id=\"87f17b9\" data-element_type=\"container\" data-e-type=\"container\" data-settings=\"{&quot;sticky&quot;:&quot;top&quot;,&quot;sticky_on&quot;:[&quot;desktop&quot;],&quot;sticky_parent&quot;:&quot;yes&quot;,&quot;sticky_offset&quot;:0,&quot;sticky_effects_offset&quot;:0,&quot;sticky_anchor_link_offset&quot;:0}\">\n\t\t\t\t<div class=\"elementor-element elementor-element-9dbed85 elementor-widget elementor-widget-heading\" data-id=\"9dbed85\" data-element_type=\"widget\" data-e-type=\"widget\" data-widget_type=\"heading.default\">\n\t\t\t\t\t<h4 class=\"elementor-heading-title elementor-size-default\">EMBALATGE DE MERCADERIES\n<\/h4>\t\t\t\t<\/div>\n\t\t\t\t<div class=\"elementor-element elementor-element-5a341fc elementor-widget-divider--view-line elementor-widget elementor-widget-divider\" data-id=\"5a341fc\" data-element_type=\"widget\" data-e-type=\"widget\" data-widget_type=\"divider.default\">\n\t\t\t\t\t\t\t<div class=\"elementor-divider\">\n\t\t\t<span class=\"elementor-divider-separator\">\n\t\t\t\t\t\t<\/span>\n\t\t<\/div>\n\t\t\t\t\t\t<\/div>\n\t\t\t\t<div class=\"elementor-element elementor-element-b7e56b2 elementor-widget elementor-widget-text-editor\" data-id=\"b7e56b2\" data-element_type=\"widget\" data-e-type=\"widget\" data-widget_type=\"text-editor.default\">\n\t\t\t\t\t\t\t\t\tEl nostre equip de professionals es pot encarregar de l'embalatge dels vostres productes o equipament. Podem dur a terme aquesta feina a les instal\u00b7lacions dels nostres clients, enviant-los els nostres equips d'embalatge, o a les nostres pr\u00f2pies instal\u00b7lacions, que estan equipades amb tot el necessari per dur a terme qualsevol tasca de manera r\u00e0pida i amb les m\u00e0ximes garanties.\n\n\t\t\t\t\t\t\t\t<\/div>\n\t\t\t\t<\/div>\n\t\t<div class=\"elementor-element elementor-element-0007cf2 e-con-full e-flex e-con e-child\" data-id=\"0007cf2\" data-element_type=\"container\" data-e-type=\"container\">\n\t\t\t\t<div class=\"elementor-element elementor-element-eebf879 elementor-widget elementor-widget-image\" data-id=\"eebf879\" data-element_type=\"widget\" data-e-type=\"widget\" data-widget_type=\"image.default\">\n\t\t\t\t\t\t\t\t\t\t\t\t\t\t\t<img fetchpriority=\"high\" decoding=\"async\" width=\"970\" height=\"600\" src=\"https:\/\/sharp-fermi.193-70-41-213.plesk.page\/wp-content\/uploads\/2020\/02\/13.png\" class=\"attachment-full size-full wp-image-733\" alt=\"\" srcset=\"https:\/\/sharp-fermi.193-70-41-213.plesk.page\/wp-content\/uploads\/2020\/02\/13.png 970w, https:\/\/sharp-fermi.193-70-41-213.plesk.page\/wp-content\/uploads\/2020\/02\/13-300x186.png 300w, https:\/\/sharp-fermi.193-70-41-213.plesk.page\/wp-content\/uploads\/2020\/02\/13-768x475.png 768w, https:\/\/sharp-fermi.193-70-41-213.plesk.page\/wp-content\/uploads\/2020\/02\/13-18x12.png 18w\" sizes=\"(max-width: 970px) 100vw, 970px\" \/>\t\t\t\t\t\t\t\t\t\t\t\t\t\t\t<\/div>\n\t\t\t\t<\/div>\n\t\t\t\t\t<\/div>\n\t\t\t\t<\/div>\n\t\t<div class=\"elementor-element elementor-element-f10bae5 e-flex e-con-boxed e-con e-parent\" data-id=\"f10bae5\" data-element_type=\"container\" data-e-type=\"container\">\n\t\t\t\t\t<div class=\"e-con-inner\">\n\t\t<div class=\"elementor-element elementor-element-0396051 e-con-full e-flex e-con e-child\" data-id=\"0396051\" data-element_type=\"container\" data-e-type=\"container\">\n\t\t\t\t<div class=\"elementor-element elementor-element-6e5c348 elementor-widget elementor-widget-image\" data-id=\"6e5c348\" data-element_type=\"widget\" data-e-type=\"widget\" data-widget_type=\"image.default\">\n\t\t\t\t\t\t\t\t\t\t\t\t\t\t\t<img decoding=\"async\" width=\"970\" height=\"600\" src=\"https:\/\/sharp-fermi.193-70-41-213.plesk.page\/wp-content\/uploads\/2020\/02\/4-2.png\" class=\"attachment-full size-full wp-image-741\" alt=\"\" srcset=\"https:\/\/sharp-fermi.193-70-41-213.plesk.page\/wp-content\/uploads\/2020\/02\/4-2.png 970w, https:\/\/sharp-fermi.193-70-41-213.plesk.page\/wp-content\/uploads\/2020\/02\/4-2-300x186.png 300w, https:\/\/sharp-fermi.193-70-41-213.plesk.page\/wp-content\/uploads\/2020\/02\/4-2-768x475.png 768w, https:\/\/sharp-fermi.193-70-41-213.plesk.page\/wp-content\/uploads\/2020\/02\/4-2-18x12.png 18w\" sizes=\"(max-width: 970px) 100vw, 970px\" \/>\t\t\t\t\t\t\t\t\t\t\t\t\t\t\t<\/div>\n\t\t\t\t<\/div>\n\t\t<div class=\"elementor-element elementor-element-8868c43 e-con-full e-flex e-con e-child\" data-id=\"8868c43\" data-element_type=\"container\" data-e-type=\"container\" data-settings=\"{&quot;sticky&quot;:&quot;top&quot;,&quot;sticky_on&quot;:[&quot;desktop&quot;],&quot;sticky_parent&quot;:&quot;yes&quot;,&quot;sticky_offset&quot;:0,&quot;sticky_effects_offset&quot;:0,&quot;sticky_anchor_link_offset&quot;:0}\">\n\t\t\t\t<div class=\"elementor-element elementor-element-a0b713b elementor-widget elementor-widget-heading\" data-id=\"a0b713b\" data-element_type=\"widget\" data-e-type=\"widget\" data-widget_type=\"heading.default\">\n\t\t\t\t\t<h4 class=\"elementor-heading-title elementor-size-default\">Seguretat de la mercaderia\n\n<\/h4>\t\t\t\t<\/div>\n\t\t\t\t<div class=\"elementor-element elementor-element-297938d elementor-widget-divider--view-line elementor-widget elementor-widget-divider\" data-id=\"297938d\" data-element_type=\"widget\" data-e-type=\"widget\" data-widget_type=\"divider.default\">\n\t\t\t\t\t\t\t<div class=\"elementor-divider\">\n\t\t\t<span class=\"elementor-divider-separator\">\n\t\t\t\t\t\t<\/span>\n\t\t<\/div>\n\t\t\t\t\t\t<\/div>\n\t\t\t\t<div class=\"elementor-element elementor-element-2906620 elementor-widget elementor-widget-text-editor\" data-id=\"2906620\" data-element_type=\"widget\" data-e-type=\"widget\" data-widget_type=\"text-editor.default\">\n\t\t\t\t\t\t\t\t\tEl nostre equip de professionals est\u00e0 plenament qualificat per assegurar i estivar mercaderies tant en contenidors com directament a la bodega del vaixell, independentment de les seves caracter\u00edstiques.\n\n\t\t\t\t\t\t\t\t<\/div>\n\t\t\t\t<\/div>\n\t\t\t\t\t<\/div>\n\t\t\t\t<\/div>\n\t\t<div class=\"elementor-element elementor-element-e19be32 e-flex e-con-boxed e-con e-parent\" data-id=\"e19be32\" data-element_type=\"container\" data-e-type=\"container\">\n\t\t\t\t\t<div class=\"e-con-inner\">\n\t\t<div class=\"elementor-element elementor-element-3cb7696 e-con-full e-flex e-con e-child\" data-id=\"3cb7696\" data-element_type=\"container\" data-e-type=\"container\" data-settings=\"{&quot;sticky&quot;:&quot;top&quot;,&quot;sticky_on&quot;:[&quot;desktop&quot;],&quot;sticky_parent&quot;:&quot;yes&quot;,&quot;sticky_offset&quot;:0,&quot;sticky_effects_offset&quot;:0,&quot;sticky_anchor_link_offset&quot;:0}\">\n\t\t\t\t<div class=\"elementor-element elementor-element-17e61bb elementor-widget elementor-widget-heading\" data-id=\"17e61bb\" data-element_type=\"widget\" data-e-type=\"widget\" data-widget_type=\"heading.default\">\n\t\t\t\t\t<h4 class=\"elementor-heading-title elementor-size-default\">Perit mar\u00edtim i informe fotogr\u00e0fic\n\n\n<\/h4>\t\t\t\t<\/div>\n\t\t\t\t<div class=\"elementor-element elementor-element-09cdac9 elementor-widget-divider--view-line elementor-widget elementor-widget-divider\" data-id=\"09cdac9\" data-element_type=\"widget\" data-e-type=\"widget\" data-widget_type=\"divider.default\">\n\t\t\t\t\t\t\t<div class=\"elementor-divider\">\n\t\t\t<span class=\"elementor-divider-separator\">\n\t\t\t\t\t\t<\/span>\n\t\t<\/div>\n\t\t\t\t\t\t<\/div>\n\t\t\t\t<div class=\"elementor-element elementor-element-4988a2c elementor-widget elementor-widget-text-editor\" data-id=\"4988a2c\" data-element_type=\"widget\" data-e-type=\"widget\" data-widget_type=\"text-editor.default\">\n\t\t\t\t\t\t\t\t\tCom a regla general, fem fotografies per documentar tota la feina que fem. Si cal, comptem amb perits de danys independents o inspectors mar\u00edtims que redactaran un informe legalment v\u00e0lid per garantir que la feina realitzada compleixi la normativa vigent.\n\n\t\t\t\t\t\t\t\t<\/div>\n\t\t\t\t<\/div>\n\t\t<div class=\"elementor-element elementor-element-796d63b e-con-full e-flex e-con e-child\" data-id=\"796d63b\" data-element_type=\"container\" data-e-type=\"container\">\n\t\t\t\t<div class=\"elementor-element elementor-element-f23346d elementor-widget elementor-widget-image\" data-id=\"f23346d\" data-element_type=\"widget\" data-e-type=\"widget\" data-widget_type=\"image.default\">\n\t\t\t\t\t\t\t\t\t\t\t\t\t\t\t<img decoding=\"async\" width=\"970\" height=\"600\" src=\"https:\/\/sharp-fermi.193-70-41-213.plesk.page\/wp-content\/uploads\/2020\/02\/3-2.png\" class=\"attachment-full size-full wp-image-738\" alt=\"\" srcset=\"https:\/\/sharp-fermi.193-70-41-213.plesk.page\/wp-content\/uploads\/2020\/02\/3-2.png 970w, https:\/\/sharp-fermi.193-70-41-213.plesk.page\/wp-content\/uploads\/2020\/02\/3-2-300x186.png 300w, https:\/\/sharp-fermi.193-70-41-213.plesk.page\/wp-content\/uploads\/2020\/02\/3-2-768x475.png 768w, https:\/\/sharp-fermi.193-70-41-213.plesk.page\/wp-content\/uploads\/2020\/02\/3-2-18x12.png 18w\" sizes=\"(max-width: 970px) 100vw, 970px\" \/>\t\t\t\t\t\t\t\t\t\t\t\t\t\t\t<\/div>\n\t\t\t\t<\/div>\n\t\t\t\t\t<\/div>\n\t\t\t\t<\/div>\n\t\t<div class=\"elementor-element elementor-element-4d514be e-flex e-con-boxed e-con e-parent\" data-id=\"4d514be\" data-element_type=\"container\" data-e-type=\"container\">\n\t\t\t\t\t<div class=\"e-con-inner\">\n\t\t<div class=\"elementor-element elementor-element-464f9a1 e-con-full e-flex e-con e-child\" data-id=\"464f9a1\" data-element_type=\"container\" data-e-type=\"container\">\n\t\t\t\t<div class=\"elementor-element elementor-element-abbf7c2 elementor-widget elementor-widget-image\" data-id=\"abbf7c2\" data-element_type=\"widget\" data-e-type=\"widget\" data-widget_type=\"image.default\">\n\t\t\t\t\t\t\t\t\t\t\t\t\t\t\t<img loading=\"lazy\" decoding=\"async\" width=\"970\" height=\"600\" src=\"https:\/\/sharp-fermi.193-70-41-213.plesk.page\/wp-content\/uploads\/2020\/02\/1-2.png\" class=\"attachment-full size-full wp-image-726\" alt=\"\" srcset=\"https:\/\/sharp-fermi.193-70-41-213.plesk.page\/wp-content\/uploads\/2020\/02\/1-2.png 970w, https:\/\/sharp-fermi.193-70-41-213.plesk.page\/wp-content\/uploads\/2020\/02\/1-2-300x186.png 300w, https:\/\/sharp-fermi.193-70-41-213.plesk.page\/wp-content\/uploads\/2020\/02\/1-2-768x475.png 768w, https:\/\/sharp-fermi.193-70-41-213.plesk.page\/wp-content\/uploads\/2020\/02\/1-2-18x12.png 18w\" sizes=\"(max-width: 970px) 100vw, 970px\" \/>\t\t\t\t\t\t\t\t\t\t\t\t\t\t\t<\/div>\n\t\t\t\t<\/div>\n\t\t<div class=\"elementor-element elementor-element-696341a e-con-full e-flex e-con e-child\" data-id=\"696341a\" data-element_type=\"container\" data-e-type=\"container\" data-settings=\"{&quot;sticky&quot;:&quot;top&quot;,&quot;sticky_on&quot;:[&quot;desktop&quot;],&quot;sticky_parent&quot;:&quot;yes&quot;,&quot;sticky_offset&quot;:0,&quot;sticky_effects_offset&quot;:0,&quot;sticky_anchor_link_offset&quot;:0}\">\n\t\t\t\t<div class=\"elementor-element elementor-element-b512c32 elementor-widget elementor-widget-heading\" data-id=\"b512c32\" data-element_type=\"widget\" data-e-type=\"widget\" data-widget_type=\"heading.default\">\n\t\t\t\t\t<h4 class=\"elementor-heading-title elementor-size-default\">Transport i c\u00e0rrega especials\n\n<\/h4>\t\t\t\t<\/div>\n\t\t\t\t<div class=\"elementor-element elementor-element-6999ec3 elementor-widget-divider--view-line elementor-widget elementor-widget-divider\" data-id=\"6999ec3\" data-element_type=\"widget\" data-e-type=\"widget\" data-widget_type=\"divider.default\">\n\t\t\t\t\t\t\t<div class=\"elementor-divider\">\n\t\t\t<span class=\"elementor-divider-separator\">\n\t\t\t\t\t\t<\/span>\n\t\t<\/div>\n\t\t\t\t\t\t<\/div>\n\t\t\t\t<div class=\"elementor-element elementor-element-f918e04 elementor-widget elementor-widget-text-editor\" data-id=\"f918e04\" data-element_type=\"widget\" data-e-type=\"widget\" data-widget_type=\"text-editor.default\">\n\t\t\t\t\t\t\t\t\tEfausa disposa d'una xarxa de socis capa\u00e7os de gestionar de manera professional qualsevol moviment de c\u00e0rrega, independentment de la seva mida o pes. Oferim aquest servei als nostres clients, facilitant la coordinaci\u00f3 entre els diferents socis i proporcionant la tranquil\u00b7litat de tenir un \u00fanic punt de contacte per a tot el projecte.\n\n\t\t\t\t\t\t\t\t<\/div>\n\t\t\t\t<\/div>\n\t\t\t\t\t<\/div>\n\t\t\t\t<\/div>\n\t\t<div class=\"elementor-element elementor-element-c2464ce e-flex e-con-boxed e-con e-parent\" data-id=\"c2464ce\" data-element_type=\"container\" data-e-type=\"container\">\n\t\t\t\t\t<div class=\"e-con-inner\">\n\t\t<div class=\"elementor-element elementor-element-18fbf3d e-con-full e-flex e-con e-child\" data-id=\"18fbf3d\" data-element_type=\"container\" data-e-type=\"container\" data-settings=\"{&quot;sticky&quot;:&quot;top&quot;,&quot;sticky_on&quot;:[&quot;desktop&quot;],&quot;sticky_parent&quot;:&quot;yes&quot;,&quot;sticky_offset&quot;:0,&quot;sticky_effects_offset&quot;:0,&quot;sticky_anchor_link_offset&quot;:0}\">\n\t\t\t\t<div class=\"elementor-element elementor-element-2e99a20 elementor-widget elementor-widget-heading\" data-id=\"2e99a20\" data-element_type=\"widget\" data-e-type=\"widget\" data-widget_type=\"heading.default\">\n\t\t\t\t\t<h4 class=\"elementor-heading-title elementor-size-default\">EMMAGATZEMAMENT\n<\/h4>\t\t\t\t<\/div>\n\t\t\t\t<div class=\"elementor-element elementor-element-dfd3e0e elementor-widget-divider--view-line elementor-widget elementor-widget-divider\" data-id=\"dfd3e0e\" data-element_type=\"widget\" data-e-type=\"widget\" data-widget_type=\"divider.default\">\n\t\t\t\t\t\t\t<div class=\"elementor-divider\">\n\t\t\t<span class=\"elementor-divider-separator\">\n\t\t\t\t\t\t<\/span>\n\t\t<\/div>\n\t\t\t\t\t\t<\/div>\n\t\t\t\t<div class=\"elementor-element elementor-element-abd9773 elementor-widget elementor-widget-text-editor\" data-id=\"abd9773\" data-element_type=\"widget\" data-e-type=\"widget\" data-widget_type=\"text-editor.default\">\n\t\t\t\t\t\t\t\t\tOferim als nostres clients un espai log\u00edstic segur les 24 hores per emmagatzemar mercaderies o equipament a l'espera d'enviament, alliberant aix\u00ed espai a les seves instal\u00b7lacions.\n\n\t\t\t\t\t\t\t\t<\/div>\n\t\t\t\t<\/div>\n\t\t<div class=\"elementor-element elementor-element-c373be0 e-con-full e-flex e-con e-child\" data-id=\"c373be0\" data-element_type=\"container\" data-e-type=\"container\">\n\t\t\t\t<div class=\"elementor-element elementor-element-30819e6 elementor-widget elementor-widget-image\" data-id=\"30819e6\" data-element_type=\"widget\" data-e-type=\"widget\" data-widget_type=\"image.default\">\n\t\t\t\t\t\t\t\t\t\t\t\t\t\t\t<img loading=\"lazy\" decoding=\"async\" width=\"1417\" height=\"1093\" src=\"https:\/\/sharp-fermi.193-70-41-213.plesk.page\/wp-content\/uploads\/2020\/03\/el-bruc.jpg\" class=\"attachment-full size-full wp-image-862\" alt=\"\" srcset=\"https:\/\/sharp-fermi.193-70-41-213.plesk.page\/wp-content\/uploads\/2020\/03\/el-bruc.jpg 1417w, https:\/\/sharp-fermi.193-70-41-213.plesk.page\/wp-content\/uploads\/2020\/03\/el-bruc-300x231.jpg 300w, https:\/\/sharp-fermi.193-70-41-213.plesk.page\/wp-content\/uploads\/2020\/03\/el-bruc-1024x790.jpg 1024w, https:\/\/sharp-fermi.193-70-41-213.plesk.page\/wp-content\/uploads\/2020\/03\/el-bruc-768x592.jpg 768w, https:\/\/sharp-fermi.193-70-41-213.plesk.page\/wp-content\/uploads\/2020\/03\/el-bruc-16x12.jpg 16w\" sizes=\"(max-width: 1417px) 100vw, 1417px\" \/>\t\t\t\t\t\t\t\t\t\t\t\t\t\t\t<\/div>\n\t\t\t\t<\/div>\n\t\t\t\t\t<\/div>\n\t\t\t\t<\/div>\n\t\t<div class=\"elementor-element elementor-element-47b2f65 e-flex e-con-boxed e-con e-parent\" data-id=\"47b2f65\" data-element_type=\"container\" data-e-type=\"container\">\n\t\t\t\t\t<div class=\"e-con-inner\">\n\t\t<div class=\"elementor-element elementor-element-084c884 e-con-full e-flex e-con e-child\" data-id=\"084c884\" data-element_type=\"container\" data-e-type=\"container\">\n\t\t\t\t<div class=\"elementor-element elementor-element-7de13f2 elementor-widget elementor-widget-image\" data-id=\"7de13f2\" data-element_type=\"widget\" data-e-type=\"widget\" data-widget_type=\"image.default\">\n\t\t\t\t\t\t\t\t\t\t\t\t\t\t\t<img loading=\"lazy\" decoding=\"async\" width=\"1156\" height=\"770\" src=\"https:\/\/sharp-fermi.193-70-41-213.plesk.page\/wp-content\/uploads\/2020\/04\/8.png\" class=\"attachment-full size-full wp-image-895\" alt=\"\" srcset=\"https:\/\/sharp-fermi.193-70-41-213.plesk.page\/wp-content\/uploads\/2020\/04\/8.png 1156w, https:\/\/sharp-fermi.193-70-41-213.plesk.page\/wp-content\/uploads\/2020\/04\/8-300x200.png 300w, https:\/\/sharp-fermi.193-70-41-213.plesk.page\/wp-content\/uploads\/2020\/04\/8-1024x682.png 1024w, https:\/\/sharp-fermi.193-70-41-213.plesk.page\/wp-content\/uploads\/2020\/04\/8-768x512.png 768w, https:\/\/sharp-fermi.193-70-41-213.plesk.page\/wp-content\/uploads\/2020\/04\/8-18x12.png 18w\" sizes=\"(max-width: 1156px) 100vw, 1156px\" \/>\t\t\t\t\t\t\t\t\t\t\t\t\t\t\t<\/div>\n\t\t\t\t<\/div>\n\t\t<div class=\"elementor-element elementor-element-065caab e-con-full e-flex e-con e-child\" data-id=\"065caab\" data-element_type=\"container\" data-e-type=\"container\" data-settings=\"{&quot;sticky&quot;:&quot;top&quot;,&quot;sticky_on&quot;:[&quot;desktop&quot;],&quot;sticky_parent&quot;:&quot;yes&quot;,&quot;sticky_offset&quot;:0,&quot;sticky_effects_offset&quot;:0,&quot;sticky_anchor_link_offset&quot;:0}\">\n\t\t\t\t<div class=\"elementor-element elementor-element-cdd23d1 elementor-widget elementor-widget-heading\" data-id=\"cdd23d1\" data-element_type=\"widget\" data-e-type=\"widget\" data-widget_type=\"heading.default\">\n\t\t\t\t\t<h4 class=\"elementor-heading-title elementor-size-default\">TRACTAMENT NIMF-15\n\n<\/h4>\t\t\t\t<\/div>\n\t\t\t\t<div class=\"elementor-element elementor-element-c3c88c4 elementor-widget-divider--view-line elementor-widget elementor-widget-divider\" data-id=\"c3c88c4\" data-element_type=\"widget\" data-e-type=\"widget\" data-widget_type=\"divider.default\">\n\t\t\t\t\t\t\t<div class=\"elementor-divider\">\n\t\t\t<span class=\"elementor-divider-separator\">\n\t\t\t\t\t\t<\/span>\n\t\t<\/div>\n\t\t\t\t\t\t<\/div>\n\t\t\t\t<div class=\"elementor-element elementor-element-e55ee65 elementor-widget elementor-widget-text-editor\" data-id=\"e55ee65\" data-element_type=\"widget\" data-e-type=\"widget\" data-widget_type=\"text-editor.default\">\n\t\t\t\t\t\t\t\t\tD'acord amb la normativa internacional, disposem de les instal\u00b7lacions necess\u00e0ries per tractar tot l'embalatge que ho requereixi. Tamb\u00e9 oferim als nostres clients l'opci\u00f3 de tractar la seva fusta.\t\t\t\t\t\t\t\t<\/div>\n\t\t\t\t<\/div>\n\t\t\t\t\t<\/div>\n\t\t\t\t<\/div>\n\t\t\t\t<\/div>","protected":false},"excerpt":{"rendered":"<p>EMBALADO DE MERCANC\u00cdA Nuestro equipo de profesionales se puede encargar del embalado de sus productos o equipos. Podemos realizar estos trabajos en las instalaciones de nuestros clientes, desplazando a los equipos de embaladores, o bien en nuestras instalaciones, equipadas con todo lo necesario para realizar cualquier labor de manera r\u00e1pida y con las m\u00e1ximas garant\u00edas. [&hellip;]<\/p>","protected":false},"author":1,"featured_media":0,"parent":0,"menu_order":0,"comment_status":"closed","ping_status":"closed","template":"","meta":{"inline_featured_image":false,"footnotes":""},"class_list":["post-1091","page","type-page","status-publish","hentry"],"_links":{"self":[{"href":"https:\/\/sharp-fermi.193-70-41-213.plesk.page\/ca\/wp-json\/wp\/v2\/pages\/1091","targetHints":{"allow":["GET"]}}],"collection":[{"href":"https:\/\/sharp-fermi.193-70-41-213.plesk.page\/ca\/wp-json\/wp\/v2\/pages"}],"about":[{"href":"https:\/\/sharp-fermi.193-70-41-213.plesk.page\/ca\/wp-json\/wp\/v2\/types\/page"}],"author":[{"embeddable":true,"href":"https:\/\/sharp-fermi.193-70-41-213.plesk.page\/ca\/wp-json\/wp\/v2\/users\/1"}],"replies":[{"embeddable":true,"href":"https:\/\/sharp-fermi.193-70-41-213.plesk.page\/ca\/wp-json\/wp\/v2\/comments?post=1091"}],"version-history":[{"count":13,"href":"https:\/\/sharp-fermi.193-70-41-213.plesk.page\/ca\/wp-json\/wp\/v2\/pages\/1091\/revisions"}],"predecessor-version":[{"id":1110,"href":"https:\/\/sharp-fermi.193-70-41-213.plesk.page\/ca\/wp-json\/wp\/v2\/pages\/1091\/revisions\/1110"}],"wp:attachment":[{"href":"https:\/\/sharp-fermi.193-70-41-213.plesk.page\/ca\/wp-json\/wp\/v2\/media?parent=1091"}],"curies":[{"name":"wp","href":"https:\/\/api.w.org\/{rel}","templated":true}]}}